{"id":281,"date":"2021-04-14T20:07:05","date_gmt":"2021-04-14T20:07:05","guid":{"rendered":"http:\/\/lecturus.ch\/?page_id=281"},"modified":"2022-07-29T14:35:56","modified_gmt":"2022-07-29T14:35:56","slug":"bibliographie","status":"publish","type":"page","link":"https:\/\/lecturus.ch\/de\/bibliographie\/","title":{"rendered":"Bibliographie"},"content":{"rendered":"\n<div class=\"wp-block-file\"><a href=\"https:\/\/lecturus.ch\/wp-content\/uploads\/2021\/04\/Bibliographie-Lecturus_2021_April-3.docx\">Bibliographie-Lecturus_2021_April-3<\/a><a href=\"https:\/\/lecturus.ch\/wp-content\/uploads\/2021\/04\/Bibliographie-Lecturus_2021_April-3.docx\" class=\"wp-block-file__button\" download>T\u00e9l\u00e9charger<\/a><\/div>\n\n\n\n<p>Die H\u00e4ufigkeitsr\u00e4nge der deutschen und franz\u00f6sischen W\u00f6rter wurden den W\u00f6rterb\u00fcchern der Reihe &#8222;Rootledge Frequency Dictionaries&#8220; entnommen:<\/p>\n\n\n\n<p><a href=\"https:\/\/www.routledge.com\/Routledge-Frequency-Dictionaries\/book-series\/RFD\">Routledge Frequency Dictionaries &#8211; Book Series &#8211; Routledge &amp; CRC Press<\/a><\/p>\n\n\n\n<p><\/p>\n","protected":false},"excerpt":{"rendered":"<p>Die H\u00e4ufigkeitsr\u00e4nge der deutschen und franz\u00f6sischen W\u00f6rter wurden den W\u00f6rterb\u00fcchern der Reihe &#8222;Rootledge Frequency Dictionaries&#8220; entnommen: Routledge Frequency Dictionaries &#8211; Book Series &#8211; Routledge &amp; CRC Press<\/p>\n","protected":false},"author":2,"featured_media":0,"parent":0,"menu_order":0,"comment_status":"closed","ping_status":"closed","template":"","meta":[],"_links":{"self":[{"href":"https:\/\/lecturus.ch\/de\/wp-json\/wp\/v2\/pages\/281"}],"collection":[{"href":"https:\/\/lecturus.ch\/de\/wp-json\/wp\/v2\/pages"}],"about":[{"href":"https:\/\/lecturus.ch\/de\/wp-json\/wp\/v2\/types\/page"}],"author":[{"embeddable":true,"href":"https:\/\/lecturus.ch\/de\/wp-json\/wp\/v2\/users\/2"}],"replies":[{"embeddable":true,"href":"https:\/\/lecturus.ch\/de\/wp-json\/wp\/v2\/comments?post=281"}],"version-history":[{"count":4,"href":"https:\/\/lecturus.ch\/de\/wp-json\/wp\/v2\/pages\/281\/revisions"}],"predecessor-version":[{"id":391,"href":"https:\/\/lecturus.ch\/de\/wp-json\/wp\/v2\/pages\/281\/revisions\/391"}],"wp:attachment":[{"href":"https:\/\/lecturus.ch\/de\/wp-json\/wp\/v2\/media?parent=281"}],"curies":[{"name":"wp","href":"https:\/\/api.w.org\/{rel}","templated":true}]}}