{"id":99,"date":"2020-03-25T12:07:48","date_gmt":"2020-03-25T12:07:48","guid":{"rendered":"http:\/\/lecturus.ch\/?page_id=99"},"modified":"2020-03-31T20:59:28","modified_gmt":"2020-03-31T20:59:28","slug":"publications","status":"publish","type":"page","link":"https:\/\/lecturus.ch\/de\/publications\/","title":{"rendered":"Publikationen"},"content":{"rendered":"<p>Die Web-Applikation f\u00fcr die Russisch-Grammatik ist auf Deutsch sofort erh\u00e4ltlich. Hier eine kurze Demo:<\/p>\n<p><a href=\"https:\/\/youtu.be\/_bh23S_Hzls\">https:\/\/youtu.be\/_bh23S_Hzls<\/a><\/p>\n<p>Dieses Grammatikbuch ist ebenfalls als Druckversion erh\u00e4ltlich, allerdings (noch) nur auf Franz\u00f6sisch. Dasselbe gilt f\u00fcr zwei Textb\u00fccher als Anwendung von dieser Grammatik (Naprimer\/\u041d\u0430\u043f\u0440\u0438\u043c\u0435\u0440, Pkhentz\/\u041f\u0445\u0435\u043d\u0446).<\/p>\n<p>Eine Applikation f\u00fcr den Wortschatz sowie weitere Publikationen auf Deutsch sind in Arbeit.<\/p>\n<p>Ausz\u00fcge aus den Druckversionen auf Franz\u00f6sisch:<\/p>\n<p><a href=\"http:\/\/lecturus.ch\/wp-content\/uploads\/2017\/12\/exemple_grammaire_flottante.pdf\" target=\"_blank\" rel=\"noopener noreferrer\">La grammaire flottante du russe<\/a><\/p>\n<p><a href=\"http:\/\/lecturus.ch\/wp-content\/uploads\/2017\/12\/exemple_annexes.pdf\" target=\"_blank\" rel=\"noopener noreferrer\">Les annexes r\u00e9capitulatives de la grammaire flottante du russe<\/a><\/p>\n<p><a href=\"http:\/\/lecturus.ch\/wp-content\/uploads\/2017\/12\/exemple_naprimer.pdf\" target=\"_blank\" rel=\"noopener noreferrer\">Naprimer, recueil de textes en lien avec la grammaire flottante du russe<\/a><\/p>\n","protected":false},"excerpt":{"rendered":"<p>Die Web-Applikation f\u00fcr die Russisch-Grammatik ist auf Deutsch sofort erh\u00e4ltlich. Hier eine kurze Demo: https:\/\/youtu.be\/_bh23S_Hzls Dieses Grammatikbuch ist ebenfalls als Druckversion erh\u00e4ltlich, allerdings (noch) nur auf Franz\u00f6sisch. Dasselbe gilt f\u00fcr zwei Textb\u00fccher als Anwendung von dieser Grammatik (Naprimer\/\u041d\u0430\u043f\u0440\u0438\u043c\u0435\u0440, Pkhentz\/\u041f\u0445\u0435\u043d\u0446). Eine&hellip; <br \/><a class=\"read-more-button\" href=\"https:\/\/lecturus.ch\/de\/publications\/\">Mehr Lesen<\/a><\/p>\n","protected":false},"author":2,"featured_media":0,"parent":0,"menu_order":0,"comment_status":"closed","ping_status":"closed","template":"","meta":[],"_links":{"self":[{"href":"https:\/\/lecturus.ch\/de\/wp-json\/wp\/v2\/pages\/99"}],"collection":[{"href":"https:\/\/lecturus.ch\/de\/wp-json\/wp\/v2\/pages"}],"about":[{"href":"https:\/\/lecturus.ch\/de\/wp-json\/wp\/v2\/types\/page"}],"author":[{"embeddable":true,"href":"https:\/\/lecturus.ch\/de\/wp-json\/wp\/v2\/users\/2"}],"replies":[{"embeddable":true,"href":"https:\/\/lecturus.ch\/de\/wp-json\/wp\/v2\/comments?post=99"}],"version-history":[{"count":7,"href":"https:\/\/lecturus.ch\/de\/wp-json\/wp\/v2\/pages\/99\/revisions"}],"predecessor-version":[{"id":216,"href":"https:\/\/lecturus.ch\/de\/wp-json\/wp\/v2\/pages\/99\/revisions\/216"}],"wp:attachment":[{"href":"https:\/\/lecturus.ch\/de\/wp-json\/wp\/v2\/media?parent=99"}],"curies":[{"name":"wp","href":"https:\/\/api.w.org\/{rel}","templated":true}]}}