{"id":10,"date":"2017-12-12T12:31:11","date_gmt":"2017-12-12T12:31:11","guid":{"rendered":"http:\/\/lecturus.ch\/?page_id=10"},"modified":"2020-03-31T21:03:26","modified_gmt":"2020-03-31T21:03:26","slug":"publications","status":"publish","type":"page","link":"https:\/\/lecturus.ch\/fr\/publications\/","title":{"rendered":"Publications"},"content":{"rendered":"<p>L&rsquo;application web \u00ab La grammaire flottante du russe \u00bb est disponible pour 50 CHF \u00e0 dur\u00e9e illimit\u00e9e (\u00e0 la mani\u00e8re d&rsquo;un achat de livre). Une d\u00e9monstration est disponible sous ce lien:<\/p>\n<p><a href=\"https:\/\/youtu.be\/2DInJHzVMJo\">https:\/\/youtu.be\/2DInJHzVMJo<\/a><\/p>\n<p>Elle comprend l&rsquo;ensemble des r\u00e8gles de grammaire, les annexes et les exemples, le tout en version fran\u00e7aise et en version allemande (offre unique pour 50 CHF).<\/p>\n<p>Profitez de cette offre tr\u00e8s avantageuse en commandant par courriel : info@lecturus.ch<\/p>\n<p>Les trois ouvrages suivants ont \u00e9t\u00e9 \u00e9dit\u00e9s fin 2018 en version papier.<\/p>\n<ol>\n<li>La grammaire flottante du russe, 352 pages (36 CHF)<\/li>\n<li>Les annexes r\u00e9capitulatives de la grammaire flottante du russe, 84 pages en couleur (36 CHF)<\/li>\n<li>\u00a0\u041f\u0445\u0435\u043d\u0446 \/ Pkhentz, nouvelle d&rsquo;Abram Tertz en \u00e9dition bilingue, 144 pages (24 CHF)<\/li>\n<\/ol>\n<p>Le lot des 3 livres command\u00e9s ensemble en \u00e9dition papier est disponible pour 85 CHF \/ 70 EUR.<\/p>\n<p>Les frais d&rsquo;envoi s&rsquo;\u00e9l\u00e8vent \u00e0 7 CHF pour la Suisse et \u00e0 12 EUR minimum pour l&rsquo;Union Europ\u00e9enne (selon le nombre de livres).<\/p>\n<p>Les trois ouvrages suivants ont \u00e9t\u00e9 publi\u00e9s fin 2017 (version pr\u00e9c\u00e9dente) :<\/p>\n<ol>\n<li>La grammaire flottante du russe, 264 pages (36 CHF \/ 30 EUR)<\/li>\n<li>Les annexes r\u00e9capitulatives de la grammaire flottante du russe, 80 pages en couleur (36 CHF \/ 30 EUR)<\/li>\n<li>Naprimer, recueil de textes en lien avec la grammaire flottante du russe, 112 pages (24 CHF \/ 20 EUR)<\/li>\n<\/ol>\n<p>Le lot des 3 livres command\u00e9s ensemble est disponible pour 80 CHF \/ 65 EUR.<\/p>\n<p>Extraits<\/p>\n<p><a href=\"http:\/\/lecturus.ch\/wp-content\/uploads\/2017\/12\/exemple_grammaire_flottante.pdf\" target=\"_blank\" rel=\"noopener noreferrer\">La grammaire flottante du russe<\/a><\/p>\n<p><a href=\"http:\/\/lecturus.ch\/wp-content\/uploads\/2017\/12\/exemple_annexes.pdf\" target=\"_blank\" rel=\"noopener noreferrer\">Les annexes r\u00e9capitulatives de la grammaire flottante du russe<\/a><\/p>\n<p><a href=\"http:\/\/lecturus.ch\/wp-content\/uploads\/2017\/12\/exemple_naprimer.pdf\" target=\"_blank\" rel=\"noopener noreferrer\">Naprimer, recueil de textes en lien avec la grammaire flottante du russe<\/a><\/p>\n","protected":false},"excerpt":{"rendered":"<p>L&rsquo;application web \u00ab La grammaire flottante du russe \u00bb est disponible pour 50 CHF \u00e0 dur\u00e9e illimit\u00e9e (\u00e0 la mani\u00e8re d&rsquo;un achat de livre). Une d\u00e9monstration est disponible sous ce lien: https:\/\/youtu.be\/2DInJHzVMJo Elle comprend l&rsquo;ensemble des r\u00e8gles de grammaire, les&hellip; <br \/><a class=\"read-more-button\" href=\"https:\/\/lecturus.ch\/fr\/publications\/\">Savoir plus<\/a><\/p>\n","protected":false},"author":2,"featured_media":0,"parent":0,"menu_order":0,"comment_status":"closed","ping_status":"closed","template":"","meta":[],"_links":{"self":[{"href":"https:\/\/lecturus.ch\/fr\/wp-json\/wp\/v2\/pages\/10"}],"collection":[{"href":"https:\/\/lecturus.ch\/fr\/wp-json\/wp\/v2\/pages"}],"about":[{"href":"https:\/\/lecturus.ch\/fr\/wp-json\/wp\/v2\/types\/page"}],"author":[{"embeddable":true,"href":"https:\/\/lecturus.ch\/fr\/wp-json\/wp\/v2\/users\/2"}],"replies":[{"embeddable":true,"href":"https:\/\/lecturus.ch\/fr\/wp-json\/wp\/v2\/comments?post=10"}],"version-history":[{"count":19,"href":"https:\/\/lecturus.ch\/fr\/wp-json\/wp\/v2\/pages\/10\/revisions"}],"predecessor-version":[{"id":217,"href":"https:\/\/lecturus.ch\/fr\/wp-json\/wp\/v2\/pages\/10\/revisions\/217"}],"wp:attachment":[{"href":"https:\/\/lecturus.ch\/fr\/wp-json\/wp\/v2\/media?parent=10"}],"curies":[{"name":"wp","href":"https:\/\/api.w.org\/{rel}","templated":true}]}}