{"id":15,"date":"2017-12-12T12:36:18","date_gmt":"2017-12-12T12:36:18","guid":{"rendered":"http:\/\/lecturus.ch\/?page_id=15"},"modified":"2022-07-29T14:29:32","modified_gmt":"2022-07-29T14:29:32","slug":"salutation","status":"publish","type":"page","link":"https:\/\/lecturus.ch\/fr\/","title":{"rendered":"Bienvenue !"},"content":{"rendered":"\n<h1><strong>Bienvenue ! <\/strong><\/h1>\n\n\n\n<h1>\u041b\u0430\u0441\u043a\u0430\u0432\u043e \u043f\u0440\u043e\u0441\u0438\u043c\u043e!<\/h1>\n\n\n\n<h1><strong>\u0414\u043e\u0431\u0440\u043e \u043f\u043e\u0436\u0430\u043b\u043e\u0432\u0430\u0442\u044c!<\/strong><\/h1>\n\n\n\n<p>Apprenez le vocabulaire russe ou allemand en tant que francophone :<\/p>\n\n\n\n<div class=\"wp-block-buttons\">\n<div class=\"wp-block-button\"><a class=\"wp-block-button__link\" href=\"https:\/\/app.lecturus.ch\/site\/signup\">VOCABULAIRE RUSSE en 3D<\/a><\/div>\n<\/div>\n\n\n\n<p><\/p>\n\n\n\n<div class=\"wp-block-buttons\">\n<div class=\"wp-block-button is-style-fill\"><a class=\"wp-block-button__link\" href=\"https:\/\/app-de.lecturus.ch\/\">VOCABULAIRE ALLEMAND en 3D<\/a><\/div>\n<\/div>\n\n\n\n<p><\/p>\n\n\n\n<p>Ou bien le vocabulaire fran\u00e7ais s&rsquo;il s&rsquo;agit pour vous d&rsquo;une langue \u00e9trang\u00e8re :<\/p>\n\n\n\n<div class=\"wp-block-buttons\">\n<div class=\"wp-block-button\"><a class=\"wp-block-button__link\" href=\"https:\/\/app-fr.lecturus.ch\/\">VOCABULAIRE FRAN\u00c7AIS en 3D<\/a><\/div>\n<\/div>\n\n\n\n<p><\/p>\n\n\n\n<p>Lecturus fait part de sa solidarit\u00e9 avec le peuple ukrainien et soutient la Cha\u00eene du Bonheur suisse :<\/p>\n\n\n\n<p><a href=\"https:\/\/www.bonheur.ch\/crise-en-ukraine-appel-a-la-solidarite\/\">Ukraine &#8211; Appel aux dons &#8211; Cha\u00eene du Bonheur<\/a><\/p>\n\n\n\n<p>La m\u00e9thode Lecturus \u00e9tait \u00e0 l&rsquo;origine pr\u00e9vue pour faire des progr\u00e8s rapides dans l&rsquo;apprentissage de la langue russe. Avec l&rsquo;\u00e9volution des derniers mois, le point focal s&rsquo;est d\u00e9plac\u00e9 vers l&rsquo;apprentissage du fran\u00e7ais et de l&rsquo;allemand pour les russophones r\u00e9fugi\u00e9s en Europe de l&rsquo;Ouest.<\/p>\n\n\n\n<p>Contactez-nous \u00e0 l&rsquo;adresse info@lecturus.ch pour en savoir plus sur notre application web et sur nos publications.<\/p>\n\n\n\n<p><\/p>\n\n\n\n<figure class=\"wp-block-image\"><img loading=\"lazy\" width=\"300\" height=\"200\" src=\"http:\/\/lecturus.ch\/wp-content\/uploads\/2017\/12\/lecturus_1500x1000-300x200.jpg\" alt=\"\" class=\"wp-image-39\" srcset=\"https:\/\/lecturus.ch\/wp-content\/uploads\/2017\/12\/lecturus_1500x1000-300x200.jpg 300w, https:\/\/lecturus.ch\/wp-content\/uploads\/2017\/12\/lecturus_1500x1000-768x512.jpg 768w, https:\/\/lecturus.ch\/wp-content\/uploads\/2017\/12\/lecturus_1500x1000-1024x683.jpg 1024w, https:\/\/lecturus.ch\/wp-content\/uploads\/2017\/12\/lecturus_1500x1000-1170x780.jpg 1170w, https:\/\/lecturus.ch\/wp-content\/uploads\/2017\/12\/lecturus_1500x1000.jpg 1500w\" sizes=\"(max-width: 300px) 100vw, 300px\" \/><\/figure>\n\n\n\n<p>Sp\u00e9cialis\u00e9 dans l\u2019apprentissage du russe<\/p>\n","protected":false},"excerpt":{"rendered":"<p>Bienvenue ! \u041b\u0430\u0441\u043a\u0430\u0432\u043e \u043f\u0440\u043e\u0441\u0438\u043c\u043e! \u0414\u043e\u0431\u0440\u043e \u043f\u043e\u0436\u0430\u043b\u043e\u0432\u0430\u0442\u044c! Apprenez le vocabulaire russe ou allemand en tant que francophone : Ou bien le vocabulaire fran\u00e7ais s&rsquo;il s&rsquo;agit pour vous d&rsquo;une langue \u00e9trang\u00e8re : Lecturus fait part de sa solidarit\u00e9 avec le peuple ukrainien&hellip; <br \/><a class=\"read-more-button\" href=\"https:\/\/lecturus.ch\/fr\/\">Savoir plus<\/a><\/p>\n","protected":false},"author":2,"featured_media":0,"parent":0,"menu_order":0,"comment_status":"closed","ping_status":"closed","template":"template-without-title.php","meta":[],"_links":{"self":[{"href":"https:\/\/lecturus.ch\/fr\/wp-json\/wp\/v2\/pages\/15"}],"collection":[{"href":"https:\/\/lecturus.ch\/fr\/wp-json\/wp\/v2\/pages"}],"about":[{"href":"https:\/\/lecturus.ch\/fr\/wp-json\/wp\/v2\/types\/page"}],"author":[{"embeddable":true,"href":"https:\/\/lecturus.ch\/fr\/wp-json\/wp\/v2\/users\/2"}],"replies":[{"embeddable":true,"href":"https:\/\/lecturus.ch\/fr\/wp-json\/wp\/v2\/comments?post=15"}],"version-history":[{"count":31,"href":"https:\/\/lecturus.ch\/fr\/wp-json\/wp\/v2\/pages\/15\/revisions"}],"predecessor-version":[{"id":388,"href":"https:\/\/lecturus.ch\/fr\/wp-json\/wp\/v2\/pages\/15\/revisions\/388"}],"wp:attachment":[{"href":"https:\/\/lecturus.ch\/fr\/wp-json\/wp\/v2\/media?parent=15"}],"curies":[{"name":"wp","href":"https:\/\/api.w.org\/{rel}","templated":true}]}}