{"id":232,"date":"2021-04-14T13:06:06","date_gmt":"2021-04-14T13:06:06","guid":{"rendered":"http:\/\/lecturus.ch\/?page_id=232"},"modified":"2022-06-20T18:57:41","modified_gmt":"2022-06-20T18:57:41","slug":"conditions-generales","status":"publish","type":"page","link":"https:\/\/lecturus.ch\/fr\/conditions-generales\/","title":{"rendered":"Conditions G\u00e9n\u00e9rales"},"content":{"rendered":"\n<p><strong>Conditions G\u00e9n\u00e9rales de vente et d&rsquo;utilisation<\/strong><\/p>\n\n\n\n<p>Remarque g\u00e9n\u00e9rale :<\/p>\n\n\n\n<p>L\u2019offre Lecturus.ch est g\u00e9r\u00e9e par l\u2019entreprise Lecturus Pr\u00e9vost (ci-apr\u00e8s d\u00e9nomm\u00e9e \u00ab Lecturus \u00bb). <\/p>\n\n\n\n<p><\/p>\n\n\n\n<p><strong>\u00a7 1 Champ d\u2019application <\/strong><\/p>\n\n\n\n<p>Les pr\u00e9sentes conditions r\u00e8glent l&rsquo;utilisation de tous les produits et services en ligne propos\u00e9s par Lecturus sur le site Lecturus.ch. Elles s\u2019appliquent aux utilisatrices et utilisateurs (ci-apr\u00e8s d\u00e9nomm\u00e9s \u00ab utilisateur \u00bb) des services en ligne Lecturus.ch, que ce soit les services en libre acc\u00e8s ou les services faisant obligatoirement l\u2019objet d\u2019une inscription. <\/p>\n\n\n\n<p><strong>\u00a7 2 Prix, conditions et droit de r\u00e9tractation<\/strong><\/p>\n\n\n\n<p>Les produits sont payants, \u00e0 l\u2019exception d\u2019actions commerciales \u00e0 la discr\u00e9tion de Lecturus. Les prix des produits \u00e9lectroniques sont affich\u00e9s sans \u00e9quivoque avant le processus de paiement.<\/p>\n\n\n\n<p>Lecturus permet une seule r\u00e9tractation par utilisateur lors du premier achat de produit. L\u2019annulation doit avoir lieu dans les 14 jours suivant la transaction selon la norme europ\u00e9enne. Aucune r\u00e9tractation n\u2019est possible concernant les achats ult\u00e9rieurs du m\u00eame utilisateur.<\/p>\n\n\n\n<p>Le paiement est unique pour le produit choisi. La transaction est effectu\u00e9e en francs suisses. L\u2019utilisation est \u00e0 dur\u00e9e ind\u00e9termin\u00e9e et valable pour un utilisateur unique \u00e0 chaque achat de produit. <\/p>\n\n\n\n<p>Les donn\u00e9es de paiement des acheteurs sont stock\u00e9es dans le data-cloud d\u2019Amazon Web Services EMEA SARL Luxembourg (filiale d\u2019Amazon Web Service aux Etats-Unis) sur des serveurs en Irlande. Elles ne sont donc soumises ni au droit suisse de la protection des donn\u00e9es ni au secret bancaire.<\/p>\n\n\n\n<p><strong>\u00a7 3 Responsabilit\u00e9 et exon\u00e9ration de la responsabilit\u00e9<\/strong><\/p>\n\n\n\n<p>Lecturus d\u00e9cline toute responsabilit\u00e9 concernant l\u2019accessibilit\u00e9 constante au serveur et aux contenus ou le fonctionnement ininterrompu des services en ligne Lecturus.ch.. L\u2019entreprise n\u2019est aucunement responsable du bon fonctionnement et de la compatibilit\u00e9 du mat\u00e9riel que l\u2019utilisateur emploie. Chaque utilisateur est personnellement responsable du mat\u00e9riel qu\u2019il utilise. Lecturus d\u00e9cline toute responsabilit\u00e9 en cas de perte de donn\u00e9es et\/ou d\u2019autres dommages subis par l\u2019utilisateur suite \u00e0 l\u2019utilisation des services en ligne Lecturus.ch.<\/p>\n\n\n\n<p>Lecturus proc\u00e8de r\u00e9guli\u00e8rement \u00e0 la s\u00e9curisation des donn\u00e9es d\u00e9pos\u00e9es par l\u2019utilisateur dans son compte. En cas de perte de donn\u00e9es, Lecturus s\u2019efforce de r\u00e9tablir l\u2019\u00e9tat initial, sans y \u00eatre tenue pour autant. Lecturus d\u00e9cline toute responsabilit\u00e9 en cas de perte de donn\u00e9es et\/ou d\u2019autres dommages subis par l\u2019utilisateur suite \u00e0 l\u2019utilisation des services en ligne de Lecturus.ch.<\/p>\n\n\n\n<p>La bibliographie compl\u00e8te de la m\u00e9thode Lecturus.ch est publi\u00e9e en ligne. Aucune r\u00e9clamation li\u00e9e \u00e0 un point d\u2019interpr\u00e9tation de contenu linguistique ne sera prise en compte.<\/p>\n\n\n\n<p><strong>\u00a7 4 Inscription et utilisation des donn\u00e9es personnelles<\/strong><\/p>\n\n\n\n<p>1) L\u2019utilisateur d\u00e9finit ses donn\u00e9es d&rsquo;acc\u00e8s pour son inscription aux services en ligne de Lecturus.ch. Il est tenu d&rsquo;assurer la confidentialit\u00e9 de ces donn\u00e9es et d&#8217;emp\u00eacher des tiers d&rsquo;y acc\u00e9der. L\u2019utilisateur est pleinement responsable de toutes les actions effectu\u00e9es sur son compte avec ses donn\u00e9es d\u2019acc\u00e8s.<\/p>\n\n\n\n<p>2) L&rsquo;utilisateur certifie la v\u00e9racit\u00e9 et l\u2019exhaustivit\u00e9 des donn\u00e9es personnelles qu&rsquo;il a fournies. Tout utilisateur dont les donn\u00e9es d\u2019inscription sont incompl\u00e8tes ou inexactes se verra refus\u00e9. L&rsquo;utilisateur est tenu d\u2019actualiser ses donn\u00e9es personnelles et de communiquer sans tarder tout changement d\u2019adresse \u00e9lectronique. Lecturus se r\u00e9serve le droit d\u2019effacer les informations erron\u00e9es. L\u2019effacement des donn\u00e9es ne soumet en aucun cas Lecturus \u00e0 une obligation de dommages et int\u00e9r\u00eats.<\/p>\n\n\n\n<p>3) L&rsquo;utilisateur consent \u00e0 ce que Lecturus enregistre et m\u00e9morise ses donn\u00e9es. Il n\u2019y a pas de transmission de donn\u00e9es \u00e0 des tiers. L&rsquo;utilisateur accepte en outre le risque que des tiers prennent connaissance des donn\u00e9es transf\u00e9r\u00e9es sur Internet, sans y \u00eatre autoris\u00e9s.<\/p>\n\n\n\n<p>4) Si Lecturus d\u00e9tecte une utilisation d\u00e9loyale d\u2019un des services en ligne Lecturus.ch, elle peut communiquer aux autorit\u00e9s comp\u00e9tentes les donn\u00e9es de l\u2019utilisateur soup\u00e7onn\u00e9 de l\u2019abus et informer de l\u2019incident la police et\/ou d&rsquo;autres autorit\u00e9s comp\u00e9tentes.<\/p>\n\n\n\n<p>5) L\u2019utilisateur peut naviguer sur Lecturus.ch sans que des donn\u00e9es relatives \u00e0 sa personne ne soient livr\u00e9es. Seules sont relev\u00e9es de mani\u00e8re anonyme les donn\u00e9es d\u2019utilisation concernant l\u2019adresse IP, la date, l\u2019heure etc. \u00e0 des fins de rep\u00e9rage de tendance et d\u2019am\u00e9lioration de l\u2019offre. Ces donn\u00e9es ne permettent pas d\u2019identification de l\u2019utilisateur.<\/p>\n\n\n\n<p>6) Dans certains, cas, Lecturus emploie des cookies. L\u2019utilisateur peut r\u00e9gler le browser de mani\u00e8re \u00e0 faire appara\u00eetre un message lors de l\u2019enregistrement de cookies et ainsi y renoncer. Certaines prestations ne seront alors pas disponibles.<\/p>\n\n\n\n<p><\/p>\n\n\n\n<p><strong>\u00a7 5 Responsabilit\u00e9 de l\u2019utilisateur<\/strong><\/p>\n\n\n\n<p>1) L&rsquo;utilisateur s\u2019abstiendra de proposer, directement ou par des liens, des contenus qui <\/p>\n\n\n\n<p>\u2022 selon les normes commun\u00e9ment admises et conform\u00e9ment \u00e0 la d\u00e9cision de Lecturus, sont jug\u00e9s obsc\u00e8nes, insultants, diffamatoires, choquants, pornographiques, harcelants, racistes, x\u00e9nophobes ou condamnables pour toute autre raison ; <\/p>\n\n\n\n<p>\u2022 pourraient nuire \u00e0 l&rsquo;image de Lecturus ou de Lecturus.ch ; <\/p>\n\n\n\n<p>\u2022 constituent une publicit\u00e9 pour des entreprises tierces, pour des services sexuels, des services SMS ou MMS, des cr\u00e9dits priv\u00e9s, des m\u00e9dicaments, de l\u2019alcool ou du tabac ; <\/p>\n\n\n\n<p>\u2022 sont con\u00e7us pour nuire \u00e0 des tiers, tels que des virus, des chevaux de Troie, des espiogiciels, des appels de phishing ou des indications pour la fabrication de contenus analogues.<\/p>\n\n\n\n<p>2) L\u2019utilisation des API ou \u00ab Application Programming Interfaces \u00bb est soumis \u00e0 la licence creative commons licence Attribution -NonCommercial-NoDerivatives 4.0 International (CC BY-NC-ND 4.0). <\/p>\n\n\n\n<p>3) Lecturus est autoris\u00e9 \u00e0 supprimer le compte de l\u2019utilisateur ainsi que de ses contenus sur Lecturus.ch sans pr\u00e9cision de raisons ni respect de d\u00e9lai. Ceci est valable notamment en cas de non-respect des devoirs ci-dessous. Une telle infraction peut en outre mener \u00e0 des cons\u00e9quences juridiques civiles ou p\u00e9nales pour l\u2019utilisateur.<\/p>\n\n\n\n<p><\/p>\n\n\n\n<p><strong>\u00a7 6 Modification des conditions d&rsquo;utilisation et des services en ligne Lecturus.ch<\/strong><\/p>\n\n\n\n<p>Lecturus peut \u00e0 tout moment modifier et compl\u00e9ter les pr\u00e9sentes conditions d\u2019utilisation.<\/p>\n\n\n\n<p>Elle se r\u00e9serve le droit de modifier, interrompre et fermer temporairement ou d\u00e9finitivement les services en ligne Lecturus.ch. Il n\u2019en r\u00e9sulte pour l\u2019utilisateur aucun droit \u00e0 r\u00e9paration ni autre droit \u00e0 garantie.<\/p>\n\n\n\n<p><\/p>\n\n\n\n<p><strong>\u00a7 7 For et droit applicable<\/strong><\/p>\n\n\n\n<p>Le for exclusif est \u00e0 Berne. Le droit applicable est le droit suisse.<\/p>\n\n\n\n<p><\/p>\n\n\n\n<p>Derni\u00e8re r\u00e9vision : Berne, 18. Mars 2021 <\/p>\n\n\n\n<p>Adresse : Lecturus Pr\u00e9vost, Schildknechtstrasse 14, 3006 Berne, Suisse.<\/p>\n","protected":false},"excerpt":{"rendered":"<p>Conditions G\u00e9n\u00e9rales de vente et d&rsquo;utilisation Remarque g\u00e9n\u00e9rale : L\u2019offre Lecturus.ch est g\u00e9r\u00e9e par l\u2019entreprise Lecturus Pr\u00e9vost (ci-apr\u00e8s d\u00e9nomm\u00e9e \u00ab Lecturus \u00bb). \u00a7 1 Champ d\u2019application Les pr\u00e9sentes conditions r\u00e8glent l&rsquo;utilisation de tous les produits et services en ligne propos\u00e9s&hellip; <br \/><a class=\"read-more-button\" href=\"https:\/\/lecturus.ch\/fr\/conditions-generales\/\">Savoir plus<\/a><\/p>\n","protected":false},"author":2,"featured_media":0,"parent":0,"menu_order":0,"comment_status":"closed","ping_status":"closed","template":"","meta":[],"_links":{"self":[{"href":"https:\/\/lecturus.ch\/fr\/wp-json\/wp\/v2\/pages\/232"}],"collection":[{"href":"https:\/\/lecturus.ch\/fr\/wp-json\/wp\/v2\/pages"}],"about":[{"href":"https:\/\/lecturus.ch\/fr\/wp-json\/wp\/v2\/types\/page"}],"author":[{"embeddable":true,"href":"https:\/\/lecturus.ch\/fr\/wp-json\/wp\/v2\/users\/2"}],"replies":[{"embeddable":true,"href":"https:\/\/lecturus.ch\/fr\/wp-json\/wp\/v2\/comments?post=232"}],"version-history":[{"count":19,"href":"https:\/\/lecturus.ch\/fr\/wp-json\/wp\/v2\/pages\/232\/revisions"}],"predecessor-version":[{"id":316,"href":"https:\/\/lecturus.ch\/fr\/wp-json\/wp\/v2\/pages\/232\/revisions\/316"}],"wp:attachment":[{"href":"https:\/\/lecturus.ch\/fr\/wp-json\/wp\/v2\/media?parent=232"}],"curies":[{"name":"wp","href":"https:\/\/api.w.org\/{rel}","templated":true}]}}