{"id":8,"date":"2017-12-12T12:27:01","date_gmt":"2017-12-12T12:27:01","guid":{"rendered":"http:\/\/lecturus.ch\/?page_id=8"},"modified":"2023-02-21T22:07:08","modified_gmt":"2023-02-21T22:07:08","slug":"presentation","status":"publish","type":"page","link":"https:\/\/lecturus.ch\/fr\/presentation\/","title":{"rendered":"Pr\u00e9sentation"},"content":{"rendered":"<p>Lecturus est une structure d\u2019\u00e9dition lanc\u00e9e \u00e0 Berne en d\u00e9cembre 2017 et qui a pour objectif premier la publication de ressources didactiques sur la langue russe. La d\u00e9marche s\u2019articule autour de plusieurs principes appliqu\u00e9s dans LA GRAMMAIRE FLOTTANTE DU RUSSE, maintenant disponible en tant qu&rsquo;application web avec un contenu dynamique.<\/p>\n<p>Ces principes sont les suivants&nbsp;:<\/p>\n<ul>\n<li>La r\u00e9utilisation des r\u00e8gles grammaticales dans plusieurs chapitres ou \u00ab modules \u00bb afin d&rsquo;augmenter la coh\u00e9rence et d&rsquo;\u00e9viter la redite<\/li>\n<li>La morphologie au premier plan<\/li>\n<li>Des exemples cibl\u00e9s pour se concentrer sur la forme russe<\/li>\n<li>Le lien entre construction du mot et morphologie<\/li>\n<li>La mention fr\u00e9quente de phon\u00e8mes, cha\u00eenons abstraits liant les sons aux graph\u00e8mes (lettres \u00e9crites)<\/li>\n<li>La contextualisation des r\u00e8gles<\/li>\n<li>L\u2019\u00e9dition s\u00e9par\u00e9e des remarques textuelles et des illustrations \/ tableaux (ex. d\u00e9clinaisons) pour permettre une lecture parall\u00e8le, par analogie au \u00ab&nbsp;dual monitoring&nbsp;\u00bb sur les \u00e9crans IT<\/li>\n<li>Des contenus coh\u00e9rents et li\u00e9s, que ce soit pour les parties grammaire, vocabulaire ou texte<\/li>\n<li>Une m\u00eame m\u00e9thode de russe disponible en fran\u00e7ais et en allemand, ce qui constitue un avantage dans les zones bilingues (Belgique, Suisse, Est de la France)<\/li>\n<\/ul>\n<p>Lecturus est enregistr\u00e9 au registre du commerce du Canton de Berne (Suisse). Le g\u00e9rant est M. J\u00e9r\u00f4me Pr\u00e9vost. Il est \u00e9galement l&rsquo;auteur de la GRAMMAIRE FLOTTANTE.<\/p>\n","protected":false},"excerpt":{"rendered":"<p>Lecturus est une structure d\u2019\u00e9dition lanc\u00e9e \u00e0 Berne en d\u00e9cembre 2017 et qui a pour objectif premier la publication de ressources didactiques sur la langue russe. La d\u00e9marche s\u2019articule autour de plusieurs principes appliqu\u00e9s dans LA GRAMMAIRE FLOTTANTE DU RUSSE,&hellip; <br \/><a class=\"read-more-button\" href=\"https:\/\/lecturus.ch\/fr\/presentation\/\">Savoir plus<\/a><\/p>\n","protected":false},"author":2,"featured_media":0,"parent":0,"menu_order":0,"comment_status":"closed","ping_status":"closed","template":"","meta":[],"_links":{"self":[{"href":"https:\/\/lecturus.ch\/fr\/wp-json\/wp\/v2\/pages\/8"}],"collection":[{"href":"https:\/\/lecturus.ch\/fr\/wp-json\/wp\/v2\/pages"}],"about":[{"href":"https:\/\/lecturus.ch\/fr\/wp-json\/wp\/v2\/types\/page"}],"author":[{"embeddable":true,"href":"https:\/\/lecturus.ch\/fr\/wp-json\/wp\/v2\/users\/2"}],"replies":[{"embeddable":true,"href":"https:\/\/lecturus.ch\/fr\/wp-json\/wp\/v2\/comments?post=8"}],"version-history":[{"count":10,"href":"https:\/\/lecturus.ch\/fr\/wp-json\/wp\/v2\/pages\/8\/revisions"}],"predecessor-version":[{"id":393,"href":"https:\/\/lecturus.ch\/fr\/wp-json\/wp\/v2\/pages\/8\/revisions\/393"}],"wp:attachment":[{"href":"https:\/\/lecturus.ch\/fr\/wp-json\/wp\/v2\/media?parent=8"}],"curies":[{"name":"wp","href":"https:\/\/api.w.org\/{rel}","templated":true}]}}