{"id":343,"date":"2022-06-20T21:03:41","date_gmt":"2022-06-20T21:03:41","guid":{"rendered":"http:\/\/lecturus.ch\/?page_id=343"},"modified":"2022-07-29T14:47:16","modified_gmt":"2022-07-29T14:47:16","slug":"%d0%b4%d0%be%d0%b1%d1%80%d0%be-%d0%bf%d0%be%d0%b6%d0%b0%d0%bb%d0%be%d0%b2%d0%b0%d1%82%d1%8c","status":"publish","type":"page","link":"https:\/\/lecturus.ch\/ru\/","title":{"rendered":"\u0414\u043e\u0431\u0440\u043e \u043f\u043e\u0436\u0430\u043b\u043e\u0432\u0430\u0442\u044c"},"content":{"rendered":"\n<h1><strong>Willkommen!<\/strong> Bienvenue!<\/h1>\n\n\n\n<h1><strong>\u041b\u0430\u0441\u043a\u0430\u0432\u043e \u043f\u0440\u043e\u0441\u0438\u043c\u043e!<\/strong> <\/h1>\n\n\n\n<h1><strong>\u0414\u043e\u0431\u0440\u043e \u043f\u043e\u0436\u0430\u043b\u043e\u0432\u0430\u0442\u044c!<\/strong><\/h1>\n\n\n\n<p><\/p>\n\n\n\n<p>\u0421 \u043f\u043e\u043c\u043e\u0449\u044c\u044e \u043d\u0430\u0448\u0435\u0433\u043e \u043f\u0440\u0438\u043b\u043e\u0436\u0435\u043d\u0438\u044f \u0412\u044b \u0441\u043c\u043e\u0436\u0435\u0442\u0435 \u0438\u0437\u0443\u0447\u0430\u0442\u044c \u043d\u0435\u043c\u0435\u0446\u043a\u0443\u044e \u0438\u043b\u0438 \u0444\u0440\u0430\u043d\u0446\u0443\u0437\u0441\u043a\u0443\u044e \u043b\u0435\u043a\u0441\u0438\u043a\u0443 \u0446\u0435\u043b\u0435\u043d\u0430\u043f\u0440\u0430\u0432\u043b\u0435\u043d\u043d\u043e \u0438 \u043f\u043e\u0441\u0442\u043e\u044f\u043d\u043d\u043e.<\/p>\n\n\n\n<p>Mit unserer App k\u00f6nnen Sie als Russischsprachiger den deutschen oder den franz\u00f6sischen Wortschatz gezielt und nachhaltig lernen.<\/p>\n\n\n\n<p>En tant que russophone, apprenez le vocabulaire allemand ou fran\u00e7ais de mani\u00e8re cibl\u00e9e et durable gr\u00e2ce \u00e0 notre appli! <\/p>\n\n\n\n<p><strong>DEUTSCH \/ \u041d\u0415\u041c\u0415\u0426\u041a\u0418\u0419 3D-\u0421\u041b\u041e\u0412\u0410\u0420\u042c<\/strong><\/p>\n\n\n\n<div class=\"wp-block-buttons\">\n<div class=\"wp-block-button\"><a class=\"wp-block-button__link\" href=\"https:\/\/app-de.lecturus.ch\/\">\u041d\u0415\u041c\u0415\u0426\u041a\u0418\u0419 3D-\u0421\u041b\u041e\u0412\u0410\u0420\u042c<\/a><\/div>\n<\/div>\n\n\n\n<p><\/p>\n\n\n\n<p><strong> FRAN\u00c7AIS \/ \u0424\u0420\u0410\u041d\u0426\u0423\u0421\u0417\u041a\u0418\u0419 3D-\u0421\u041b\u041e\u0412\u0410\u0420\u042c<\/strong><\/p>\n\n\n\n<div class=\"wp-block-buttons\">\n<div class=\"wp-block-button\"><a class=\"wp-block-button__link\" href=\"https:\/\/app-fr.lecturus.ch\/\">\u0424\u0420\u0410\u041d\u0426\u0423\u0417\u0421\u041a\u0418\u0419 3D-\u0421\u041b\u041e\u0412\u0410\u0420\u042c<\/a><\/div>\n<\/div>\n\n\n\n<p><\/p>\n\n\n\n<p>\u041c\u0435\u0442\u043e\u0434 Lecturus \u0438\u0437\u043d\u0430\u0447\u0430\u043b\u044c\u043d\u043e \u0431\u044b\u043b \u0440\u0430\u0437\u0440\u0430\u0431\u043e\u0442\u0430\u043d \u0434\u043b\u044f \u0434\u043e\u0441\u0442\u0438\u0436\u0435\u043d\u0438\u044f \u0443\u0441\u0442\u043e\u0439\u0447\u0438\u0432\u043e\u0433\u043e \u043f\u0440\u043e\u0433\u0440\u0435\u0441\u0441\u0430 \u0432 \u0438\u0437\u0443\u0447\u0435\u043d\u0438\u0438 \u0440\u0443\u0441\u0441\u043a\u043e\u0433\u043e \u044f\u0437\u044b\u043a\u0430. \u0421\u043e\u0431\u044b\u0442\u0438\u044f \u043f\u043e\u0441\u043b\u0435\u0434\u043d\u0438\u0445 \u043c\u0435\u0441\u044f\u0446\u0435\u0432 \u0441\u043c\u0435\u0441\u0442\u0438\u043b\u0438 \u0444\u043e\u043a\u0443\u0441.<\/p>\n\n\n\n<p><\/p>\n\n\n\n<p>Lecturus teilt seine Solidarit\u00e4t mit dem ukrainischen Volk mit und unterst\u00fctzt die Schweizerische Gl\u00fcckskette:<\/p>\n\n\n\n<p><a href=\"https:\/\/www.glueckskette.ch\/krise-in-der-ukraine-spendenaufruf\/\">Ukraine &#8212; Spendenaufruf &#8212; Gl\u00fcckskette (glueckskette.ch)<\/a><\/p>\n\n\n\n<p><\/p>\n\n\n\n<p>Kontaktieren Sie uns \u00fcber die Adresse <a href=\"mailto:info@lecturus.ch\">info@lecturus.ch<\/a> , wenn Sie mehr \u00fcber unsere Web-Applikation erfahren m\u00f6chten.<\/p>\n\n\n\n<figure class=\"wp-block-image\"><img loading=\"lazy\" width=\"300\" height=\"200\" src=\"http:\/\/lecturus.ch\/wp-content\/uploads\/2017\/12\/lecturus_1500x1000-300x200.jpg\" alt=\"\" class=\"wp-image-106\" srcset=\"https:\/\/lecturus.ch\/wp-content\/uploads\/2017\/12\/lecturus_1500x1000-300x200.jpg 300w, https:\/\/lecturus.ch\/wp-content\/uploads\/2017\/12\/lecturus_1500x1000-768x512.jpg 768w, https:\/\/lecturus.ch\/wp-content\/uploads\/2017\/12\/lecturus_1500x1000-1024x683.jpg 1024w, https:\/\/lecturus.ch\/wp-content\/uploads\/2017\/12\/lecturus_1500x1000-1170x780.jpg 1170w, https:\/\/lecturus.ch\/wp-content\/uploads\/2017\/12\/lecturus_1500x1000.jpg 1500w\" sizes=\"(max-width: 300px) 100vw, 300px\" \/><\/figure>\n\n\n\n<p>Spezialisiert auf Lehrmittel f\u00fcr die russische Sprache<\/p>\n\n\n\n<div class=\"wp-block-buttons\">\n<div class=\"wp-block-button\"><a class=\"wp-block-button__link\"><\/a><\/div>\n<\/div>\n","protected":false},"excerpt":{"rendered":"<p>Willkommen! Bienvenue! \u041b\u0430\u0441\u043a\u0430\u0432\u043e \u043f\u0440\u043e\u0441\u0438\u043c\u043e! \u0414\u043e\u0431\u0440\u043e \u043f\u043e\u0436\u0430\u043b\u043e\u0432\u0430\u0442\u044c! \u0421 \u043f\u043e\u043c\u043e\u0449\u044c\u044e \u043d\u0430\u0448\u0435\u0433\u043e \u043f\u0440\u0438\u043b\u043e\u0436\u0435\u043d\u0438\u044f \u0412\u044b \u0441\u043c\u043e\u0436\u0435\u0442\u0435 \u0438\u0437\u0443\u0447\u0430\u0442\u044c \u043d\u0435\u043c\u0435\u0446\u043a\u0443\u044e \u0438\u043b\u0438 \u0444\u0440\u0430\u043d\u0446\u0443\u0437\u0441\u043a\u0443\u044e \u043b\u0435\u043a\u0441\u0438\u043a\u0443 \u0446\u0435\u043b\u0435\u043d\u0430\u043f\u0440\u0430\u0432\u043b\u0435\u043d\u043d\u043e \u0438 \u043f\u043e\u0441\u0442\u043e\u044f\u043d\u043d\u043e. Mit unserer App k\u00f6nnen Sie als Russischsprachiger den deutschen oder den franz\u00f6sischen Wortschatz gezielt und nachhaltig lernen. En tant que&hellip; <br \/><a class=\"read-more-button\" href=\"https:\/\/lecturus.ch\/ru\/\">\u0414\u0410\u041b\u0415\u0415<\/a><\/p>\n","protected":false},"author":2,"featured_media":0,"parent":0,"menu_order":0,"comment_status":"closed","ping_status":"closed","template":"template-without-title.php","meta":[],"_links":{"self":[{"href":"https:\/\/lecturus.ch\/ru\/wp-json\/wp\/v2\/pages\/343"}],"collection":[{"href":"https:\/\/lecturus.ch\/ru\/wp-json\/wp\/v2\/pages"}],"about":[{"href":"https:\/\/lecturus.ch\/ru\/wp-json\/wp\/v2\/types\/page"}],"author":[{"embeddable":true,"href":"https:\/\/lecturus.ch\/ru\/wp-json\/wp\/v2\/users\/2"}],"replies":[{"embeddable":true,"href":"https:\/\/lecturus.ch\/ru\/wp-json\/wp\/v2\/comments?post=343"}],"version-history":[{"count":11,"href":"https:\/\/lecturus.ch\/ru\/wp-json\/wp\/v2\/pages\/343\/revisions"}],"predecessor-version":[{"id":392,"href":"https:\/\/lecturus.ch\/ru\/wp-json\/wp\/v2\/pages\/343\/revisions\/392"}],"wp:attachment":[{"href":"https:\/\/lecturus.ch\/ru\/wp-json\/wp\/v2\/media?parent=343"}],"curies":[{"name":"wp","href":"https:\/\/api.w.org\/{rel}","templated":true}]}}